{"id":619,"date":"2023-12-18T16:21:44","date_gmt":"2023-12-18T15:21:44","guid":{"rendered":"https:\/\/terrasdoabelan.com\/boutique\/vino-abelan-caja-de-6-botellas\/"},"modified":"2025-01-07T00:46:07","modified_gmt":"2025-01-06T23:46:07","slug":"vino-abelan-caja-de-6-botellas","status":"publish","type":"product","link":"https:\/\/terrasdoabelan.com\/es\/shop\/vino-abelan-caja-de-6-botellas\/","title":{"rendered":"Vino Abel\u00e1n &#8211; caja de 6 botellas"},"content":{"rendered":"<p>[et_pb_section fb_built=\u00bb1&#8243; custom_padding_last_edited=\u00bbon|phone\u00bb _builder_version=\u00bb4.23.1&#8243; background_image=\u00bbhttps:\/\/terrasdoabelan.com\/wp-content\/uploads\/2023\/12\/vin-blanc-abelan-albarino-bouteille_grappe-600800.jpg\u00bb background_size=\u00bbcustom\u00bb background_image_width=\u00bb30%\u00bb background_position=\u00bbcenter_right\u00bb custom_padding=\u00bb|5%||5%|false|false\u00bb custom_padding_tablet=\u00bb|5%||5%|false|false\u00bb custom_padding_phone=\u00bb|5%||5%|false|false\u00bb background_last_edited=\u00bbon|phone\u00bb background_size_tablet=\u00bbcustom\u00bb background_size_phone=\u00bbcustom\u00bb background_image_width_tablet=\u00bb50%\u00bb background_image_width_phone=\u00bb40%\u00bb background_image_height_phone=\u00bbauto\u00bb background_position_tablet=\u00bbcenter_right\u00bb background_position_phone=\u00bbcenter_right\u00bb global_colors_info=\u00bb{}\u00bb][et_pb_row _builder_version=\u00bb4.23.1&#8243; _module_preset=\u00bbdefault\u00bb width=\u00bb100%\u00bb global_colors_info=\u00bb{}\u00bb][et_pb_column type=\u00bb4_4&#8243; _builder_version=\u00bb4.23.1&#8243; _module_preset=\u00bbdefault\u00bb global_colors_info=\u00bb{}\u00bb][et_pb_text _builder_version=\u00bb4.23.1&#8243; _module_preset=\u00bbdefault\u00bb text_font=\u00bb|300|||||||\u00bb text_text_color=\u00bb#264233&#8243; text_font_size=\u00bb14px\u00bb link_font=\u00bb|300|||||||\u00bb link_text_color=\u00bb#89815c\u00bb text_font_size_tablet=\u00bb\u00bb text_font_size_phone=\u00bb12px\u00bb text_font_size_last_edited=\u00bbon|tablet\u00bb global_colors_info=\u00bb{}\u00bb]<\/p>\n<p><a href=\"\/\">Inicio<\/a> &gt; <a href=\"\/boutique\">Shop<\/a> &gt; Vino Abel\u00e1n &#8211; caja de 6 botellas<\/p>\n<p>[\/et_pb_text][\/et_pb_column][\/et_pb_row][et_pb_row _builder_version=\u00bb4.16&#8243; background_size=\u00bbinitial\u00bb background_position=\u00bbtop_left\u00bb background_repeat=\u00bbrepeat\u00bb width=\u00bb100%\u00bb custom_padding=\u00bb0px||0px||false|false\u00bb global_colors_info=\u00bb{}\u00bb][et_pb_column type=\u00bb4_4&#8243; _builder_version=\u00bb4.16&#8243; custom_padding=\u00bb|||\u00bb global_colors_info=\u00bb{}\u00bb custom_padding__hover=\u00bb|||\u00bb][et_pb_wc_cart_notice _builder_version=\u00bb4.23.1&#8243; global_colors_info=\u00bb{}\u00bb][\/et_pb_wc_cart_notice][\/et_pb_column][\/et_pb_row][et_pb_row column_structure=\u00bb1_2,1_2&#8243; _builder_version=\u00bb4.16&#8243; background_size=\u00bbinitial\u00bb background_position=\u00bbtop_left\u00bb background_repeat=\u00bbrepeat\u00bb width=\u00bb100%\u00bb custom_padding=\u00bb0px||||false|false\u00bb global_colors_info=\u00bb{}\u00bb][et_pb_column type=\u00bb1_2&#8243; _builder_version=\u00bb4.16&#8243; custom_padding=\u00bb|||\u00bb global_colors_info=\u00bb{}\u00bb custom_padding__hover=\u00bb|||\u00bb][et_pb_wc_images _builder_version=\u00bb4.24.2&#8243; border_radii_image=\u00bbon|10px|10px|10px|10px\u00bb border_width_all_image=\u00bb1px\u00bb border_color_all_image=\u00bb#dbd2ad\u00bb global_colors_info=\u00bb{}\u00bb][\/et_pb_wc_images][\/et_pb_column][et_pb_column type=\u00bb1_2&#8243; _builder_version=\u00bb4.16&#8243; custom_padding=\u00bb|||\u00bb global_colors_info=\u00bb{}\u00bb custom_padding__hover=\u00bb|||\u00bb][et_pb_wc_title _builder_version=\u00bb4.23.1&#8243; header_text_color=\u00bb#264234&#8243; header_font_size=\u00bb40px\u00bb header_font_size_tablet=\u00bb30px\u00bb header_font_size_phone=\u00bb24px\u00bb header_font_size_last_edited=\u00bbon|tablet\u00bb global_colors_info=\u00bb{}\u00bb][\/et_pb_wc_title][et_pb_wc_rating _builder_version=\u00bb4.16&#8243; global_colors_info=\u00bb{}\u00bb][\/et_pb_wc_rating][et_pb_wc_price _builder_version=\u00bb4.24.2&#8243; body_font=\u00bb|300|||||||\u00bb body_text_color=\u00bb#89815c\u00bb global_colors_info=\u00bb{}\u00bb][\/et_pb_wc_price][et_pb_wc_description _builder_version=\u00bb4.23.1&#8243; body_font=\u00bb|300|||||||\u00bb body_text_color=\u00bb#264234&#8243; global_colors_info=\u00bb{}\u00bb][\/et_pb_wc_description][et_pb_wc_add_to_cart _builder_version=\u00bb4.23.1&#8243; custom_button=\u00bbon\u00bb button_text_size=\u00bb18px\u00bb button_text_color=\u00bb#ffffff\u00bb button_bg_color=\u00bb#89815c\u00bb button_border_radius=\u00bb30px\u00bb button_font=\u00bb|300|||||||\u00bb button_use_icon=\u00bboff\u00bb button_custom_padding=\u00bb|40px||40px|false|false\u00bb global_colors_info=\u00bb{}\u00bb][\/et_pb_wc_add_to_cart][et_pb_wc_meta disabled_on=\u00bbon|on|on\u00bb _builder_version=\u00bb4.23.4&#8243; disabled global_colors_info=\u00bb{}\u00bb][\/et_pb_wc_meta][\/et_pb_column][\/et_pb_row][et_pb_row _builder_version=\u00bb4.16&#8243; background_size=\u00bbinitial\u00bb background_position=\u00bbtop_left\u00bb background_repeat=\u00bbrepeat\u00bb width=\u00bb100%\u00bb global_colors_info=\u00bb{}\u00bb][et_pb_column type=\u00bb4_4&#8243; _builder_version=\u00bb4.16&#8243; custom_padding=\u00bb|||\u00bb global_colors_info=\u00bb{}\u00bb custom_padding__hover=\u00bb|||\u00bb][et_pb_wc_tabs active_tab_text_color=\u00bb#89815c\u00bb _builder_version=\u00bb4.23.1&#8243; tab_text_color=\u00bb#264234&#8243; body_font=\u00bb|300|||||||\u00bb body_text_color=\u00bb#264234&#8243; tab_font=\u00bbPlayfair Display||||||||\u00bb tab_font_size=\u00bb30px\u00bb tab_font_size_tablet=\u00bb24px\u00bb tab_font_size_phone=\u00bb20px\u00bb tab_font_size_last_edited=\u00bbon|phone\u00bb border_width_all=\u00bb0px\u00bb global_colors_info=\u00bb{}\u00bb]\t\t\t\t\t[\/et_pb_wc_tabs][et_pb_wc_upsells _builder_version=\u00bb4.16&#8243; global_colors_info=\u00bb{}\u00bb][\/et_pb_wc_upsells][et_pb_wc_related_products _builder_version=\u00bb4.16&#8243; global_colors_info=\u00bb{}\u00bb][\/et_pb_wc_related_products][\/et_pb_column][\/et_pb_row][\/et_pb_section][et_pb_section fb_built=\u00bb1&#8243; fullwidth=\u00bbon\u00bb _builder_version=\u00bb4.23.1&#8243; _module_preset=\u00bbdefault\u00bb global_colors_info=\u00bb{}\u00bb][et_pb_fullwidth_image src=\u00bbhttps:\/\/terrasdoabelan.com\/wp-content\/uploads\/2023\/12\/vin-blanc-abelan-albarino-bouteillle_frise.png\u00bb title_text=\u00bbvino-blanco-abelan-albarino-botella_friso\u00bb _builder_version=\u00bb4.23.1&#8243; _module_preset=\u00bbdefault\u00bb global_colors_info=\u00bb{}\u00bb][\/et_pb_fullwidth_image][\/et_pb_section][et_pb_section fb_built=\u00bb1&#8243; _builder_version=\u00bb4.23.1&#8243; _module_preset=\u00bbdefault\u00bb background_color=\u00bb#264234&#8243; background_image=\u00bbhttps:\/\/terrasdoabelan.com\/wp-content\/uploads\/2023\/12\/vin-blanc-abelan-albarino-bouteille_grappe-vert-600800.png\u00bb background_size=\u00bbinitial\u00bb background_position=\u00bbtop_left\u00bb custom_padding=\u00bb0px||||false|false\u00bb global_colors_info=\u00bb{}\u00bb][et_pb_row column_structure=\u00bb1_2,1_2&#8243; make_equal=\u00bbon\u00bb custom_padding_last_edited=\u00bboff|tablet\u00bb _builder_version=\u00bb4.23.1&#8243; _module_preset=\u00bbdefault\u00bb background_enable_image=\u00bboff\u00bb background_size=\u00bbcontain\u00bb background_position=\u00bbcenter_left\u00bb custom_margin=\u00bb||||false|false\u00bb custom_padding=\u00bb||0px||false|false\u00bb custom_padding_tablet=\u00bb120px||||false|false\u00bb custom_padding_phone=\u00bb||||false|false\u00bb background_last_edited=\u00bboff|phone\u00bb global_colors_info=\u00bb{}\u00bb][et_pb_column type=\u00bb1_2&#8243; _builder_version=\u00bb4.23.1&#8243; _module_preset=\u00bbdefault\u00bb background_enable_image=\u00bboff\u00bb background_size=\u00bbcontain\u00bb background_position=\u00bbbottom_center\u00bb custom_padding=\u00bb||||false|false\u00bb global_colors_info=\u00bb{}\u00bb][\/et_pb_column][et_pb_column type=\u00bb1_2&#8243; _builder_version=\u00bb4.23.1&#8243; _module_preset=\u00bbdefault\u00bb background_enable_image=\u00bboff\u00bb background_size=\u00bbcontain\u00bb background_position=\u00bbcenter_left\u00bb custom_padding=\u00bb160px|10%|120px||false|false\u00bb custom_padding_tablet=\u00bb100px|10px|80px|10%|false|false\u00bb custom_padding_phone=\u00bb60px|5px|40px|10%|false|false\u00bb custom_padding_last_edited=\u00bbon|phone\u00bb global_colors_info=\u00bb{}\u00bb][et_pb_text _builder_version=\u00bb4.24.2&#8243; _module_preset=\u00bbdefault\u00bb text_font=\u00bb|300|||||||\u00bb header_3_text_color=\u00bb#FFFFFF\u00bb header_3_font_size_tablet=\u00bb\u00bb header_3_font_size_phone=\u00bb20px\u00bb header_3_font_size_last_edited=\u00bbon|phone\u00bb global_colors_info=\u00bb{}\u00bb]<\/p>\n<h3>Entrega <span style=\"color: #dbd2ad;\">tambi\u00e9n fuera de Suiza<\/span><\/h3>\n<p>[\/et_pb_text][et_pb_text _builder_version=\u00bb4.24.2&#8243; _module_preset=\u00bbdefault\u00bb text_font=\u00bb|300|||||||\u00bb text_text_color=\u00bb#FFFFFF\u00bb global_colors_info=\u00bb{}\u00bb header_2_text_color__hover_enabled=\u00bbon|desktop\u00bb]<\/p>\n<p>\u00bfDesea la entrega en Espa\u00f1a o en otro pa\u00eds de la UE? Cont\u00e1ctenos<\/p>\n<p>[\/et_pb_text][et_pb_button button_url=\u00bb@ET-DC@eyJkeW5hbWljIjp0cnVlLCJjb250ZW50IjoicG9zdF9saW5rX3VybF9wYWdlIiwic2V0dGluZ3MiOnsicG9zdF9pZCI6IjIyMCJ9fQ==@\u00bb button_text=\u00bbCont\u00e1ctenos\u00bb _builder_version=\u00bb4.23.1&#8243; _dynamic_attributes=\u00bbbutton_url\u00bb _module_preset=\u00bbdefault\u00bb custom_button=\u00bbon\u00bb button_text_size=\u00bb18px\u00bb button_text_color=\u00bb#264234&#8243; button_bg_color=\u00bb#dbd2ad\u00bb button_border_width=\u00bb0px\u00bb button_border_radius=\u00bb24px\u00bb button_font=\u00bb|300|||||||\u00bb button_use_icon=\u00bboff\u00bb custom_margin=\u00bb50px||||false|false\u00bb custom_padding=\u00bb|40px||40px|false|false\u00bb button_text_size_tablet=\u00bb14px\u00bb button_text_size_phone=\u00bb\u00bb button_text_size_last_edited=\u00bbon|phone\u00bb global_colors_info=\u00bb{}\u00bb][\/et_pb_button][\/et_pb_column][\/et_pb_row][et_pb_row _builder_version=\u00bb4.23.1&#8243; _module_preset=\u00bbdefault\u00bb custom_margin=\u00bb||30px||false|false\u00bb global_colors_info=\u00bb{}\u00bb][et_pb_column type=\u00bb4_4&#8243; _builder_version=\u00bb4.23.1&#8243; _module_preset=\u00bbdefault\u00bb global_colors_info=\u00bb{}\u00bb][et_pb_image src=\u00bbhttps:\/\/terrasdoabelan.com\/wp-content\/uploads\/2023\/12\/vin-blanc-abelan-albarino-bouteille_acio-de-ouro.jpg\u00bb title_text=\u00bbvino-blanco-abelan-albarino-botella_acio-de-ouro\u00bb align=\u00bbcenter\u00bb force_fullwidth=\u00bbon\u00bb _builder_version=\u00bb4.23.1&#8243; _module_preset=\u00bbdefault\u00bb global_colors_info=\u00bb{}\u00bb][\/et_pb_image][et_pb_text _builder_version=\u00bb4.23.1&#8243; _module_preset=\u00bbdefault\u00bb text_font=\u00bb|300|||||||\u00bb text_text_color=\u00bb#dbd2ad\u00bb text_orientation=\u00bbcenter\u00bb global_colors_info=\u00bb{}\u00bb]<\/p>\n<p>Abel\u00e1n, nuestro vin blanco albari\u00f1o, gan\u00f3 el premio \u00abAcio de Ouro\u00bb en 2022 y 2023 y fue nombrado mejor vino blanco de Galicia en 2023.<\/p>\n<p>[\/et_pb_text][\/et_pb_column][\/et_pb_row][\/et_pb_section][et_pb_section fb_built=\u00bb1&#8243; _builder_version=\u00bb4.23.1&#8243; _module_preset=\u00bbdefault\u00bb custom_padding=\u00bb0px||0px||false|false\u00bb global_colors_info=\u00bb{}\u00bb][et_pb_row column_structure=\u00bb1_2,1_2&#8243; make_equal=\u00bbon\u00bb _builder_version=\u00bb4.23.1&#8243; _module_preset=\u00bbdefault\u00bb width=\u00bb100%\u00bb max_width=\u00bb2560px\u00bb custom_padding=\u00bb0px||0px||false|false\u00bb global_colors_info=\u00bb{}\u00bb][et_pb_column type=\u00bb1_2&#8243; _builder_version=\u00bb4.23.1&#8243; _module_preset=\u00bbdefault\u00bb custom_padding=\u00bb120px||100px|10%|false|false\u00bb custom_padding_tablet=\u00bb||60px||false|false\u00bb custom_padding_phone=\u00bb||40px||false|false\u00bb custom_padding_last_edited=\u00bbon|phone\u00bb global_colors_info=\u00bb{}\u00bb][et_pb_text _builder_version=\u00bb4.23.1&#8243; _module_preset=\u00bbdefault\u00bb text_font=\u00bb|300|||||||\u00bb header_3_text_color=\u00bb#264234&#8243; animation_style=\u00bbfade\u00bb header_3_font_size_tablet=\u00bb\u00bb header_3_font_size_phone=\u00bb20px\u00bb header_3_font_size_last_edited=\u00bbon|phone\u00bb global_colors_info=\u00bb{}\u00bb]<\/p>\n<h3>Descubra la historia de <span style=\"color: #dbd2ad;\">nuestra bodega<\/span><\/h3>\n<p>[\/et_pb_text][et_pb_text _builder_version=\u00bb4.23.1&#8243; _module_preset=\u00bbdefault\u00bb text_font=\u00bb|300|||||||\u00bb text_text_color=\u00bb#264234&#8243; global_colors_info=\u00bb{}\u00bb]<\/p>\n<p>Terras do Abel\u00e1n es una historia familiar nacida en los vi\u00f1edos de Galicia.<\/p>\n<p>[\/et_pb_text][et_pb_button button_url=\u00bb@ET-DC@eyJkeW5hbWljIjp0cnVlLCJjb250ZW50IjoicG9zdF9saW5rX3VybF9wYWdlIiwic2V0dGluZ3MiOnsicG9zdF9pZCI6IjE2MiJ9fQ==@\u00bb button_text=\u00bbSobre la bodega\u00bb _builder_version=\u00bb4.23.1&#8243; _dynamic_attributes=\u00bbbutton_url\u00bb _module_preset=\u00bbdefault\u00bb custom_button=\u00bbon\u00bb button_text_size=\u00bb18px\u00bb button_text_color=\u00bb#FFFFFF\u00bb button_bg_color=\u00bb#264234&#8243; button_border_width=\u00bb0px\u00bb button_border_radius=\u00bb24px\u00bb button_font=\u00bb|300|||||||\u00bb button_use_icon=\u00bboff\u00bb custom_margin=\u00bb50px||||false|false\u00bb custom_padding=\u00bb|40px||40px|false|false\u00bb button_text_size_tablet=\u00bb14px\u00bb button_text_size_phone=\u00bb\u00bb button_text_size_last_edited=\u00bbon|phone\u00bb global_colors_info=\u00bb{}\u00bb][\/et_pb_button][\/et_pb_column][et_pb_column type=\u00bb1_2&#8243; _builder_version=\u00bb4.23.1&#8243; _module_preset=\u00bbdefault\u00bb background_image=\u00bbhttps:\/\/terrasdoabelan.com\/wp-content\/uploads\/2023\/12\/vin-blanc-abelan-albarino-bouteille_vignes1200800.jpg\u00bb parallax=\u00bbon\u00bb custom_padding=\u00bb200px||200px||false|false\u00bb custom_padding_tablet=\u00bb200px||200px||false|false\u00bb custom_padding_phone=\u00bb200px||200px||false|false\u00bb custom_padding_last_edited=\u00bbon|phone\u00bb global_colors_info=\u00bb{}\u00bb][et_pb_divider show_divider=\u00bboff\u00bb _builder_version=\u00bb4.23.1&#8243; _module_preset=\u00bbdefault\u00bb min_height=\u00bb10px\u00bb max_height=\u00bb40px\u00bb global_colors_info=\u00bb{}\u00bb][\/et_pb_divider][\/et_pb_column][\/et_pb_row][\/et_pb_section]<\/p>\n","protected":false},"excerpt":{"rendered":"<p>Terras do Abel\u00e1n, vino blanco &#8211; Albari\u00f1o, a\u00f1ada 2022 votado mejor vino blanco de Galicia en 2023 \u00abAcio de Ouro\u00bb.  <em>\u00b7 Pedidos en Suiza. &#8211; 1 unidad = 6 botellas de 75 cl.  <\/em><em>&#8211; Los precios incluyen IVA (incl. 8,1%)<\/em><\/p>\n<p>&nbsp;<\/p>\n","protected":false},"featured_media":448,"comment_status":"open","ping_status":"closed","template":"","meta":{"_et_pb_use_builder":"on","_et_pb_old_content":"<strong>Vin blanc Albari\u00f1o de Galice \u2013 6 bouteilles \u2013 Abel\u00e1n<\/strong>\r\n\r\n\u2022 C\u00c9PAGE: ALBARI\u00d1O 100% - PRODUCTION PROPRE.\r\n\u2022 DEGR\u00c9 D\u2019ALCOOL (% VOL) : 13.5.\r\n\u2022 ACIDIT\u00c9 TOTALE ( G\/L TARTRIQUE) : 6.0.\r\n\u2022 PHASE VISUELLE : Tr\u00e8s clair et brillant, d\u2019un jaune citron avec des reflets verts l\u00e9gers.\r\n\u2022 PHASE OLFACTIVE: Il pr\u00e9sente des ar\u00f4mes de forte intensit\u00e9, tr\u00e8s vari\u00e9tal et de profonde complexit\u00e9, d\u2019une claire pr\u00e9dominance des notes fruit\u00e9es (poire, pomme, p\u00eache) qui dominent avec de subtiles rappels floraux.\r\n\u2022 PHASE GUSTATIVE : Tr\u00e8s plaisant dans son passage en bouche, onctueux, d\u2019une bonne structure, persistant avec une acidit\u00e9 bien int\u00e9gr\u00e9e qui lui apporte de la fra\u00eecheur.","_et_gb_content_width":""},"product_brand":[],"product_cat":[35],"product_tag":[],"class_list":{"0":"post-619","1":"product","2":"type-product","3":"status-publish","4":"has-post-thumbnail","6":"product_cat-sin-categorizar","8":"first","9":"instock","10":"taxable","11":"shipping-taxable","12":"purchasable","13":"product-type-simple"},"_links":{"self":[{"href":"https:\/\/terrasdoabelan.com\/es\/wp-json\/wp\/v2\/product\/619","targetHints":{"allow":["GET"]}}],"collection":[{"href":"https:\/\/terrasdoabelan.com\/es\/wp-json\/wp\/v2\/product"}],"about":[{"href":"https:\/\/terrasdoabelan.com\/es\/wp-json\/wp\/v2\/types\/product"}],"replies":[{"embeddable":true,"href":"https:\/\/terrasdoabelan.com\/es\/wp-json\/wp\/v2\/comments?post=619"}],"wp:featuredmedia":[{"embeddable":true,"href":"https:\/\/terrasdoabelan.com\/es\/wp-json\/wp\/v2\/media\/448"}],"wp:attachment":[{"href":"https:\/\/terrasdoabelan.com\/es\/wp-json\/wp\/v2\/media?parent=619"}],"wp:term":[{"taxonomy":"product_brand","embeddable":true,"href":"https:\/\/terrasdoabelan.com\/es\/wp-json\/wp\/v2\/product_brand?post=619"},{"taxonomy":"product_cat","embeddable":true,"href":"https:\/\/terrasdoabelan.com\/es\/wp-json\/wp\/v2\/product_cat?post=619"},{"taxonomy":"product_tag","embeddable":true,"href":"https:\/\/terrasdoabelan.com\/es\/wp-json\/wp\/v2\/product_tag?post=619"}],"curies":[{"name":"wp","href":"https:\/\/api.w.org\/{rel}","templated":true}]}}